{"id":11176,"date":"2022-09-13T09:31:04","date_gmt":"2022-09-13T14:31:04","guid":{"rendered":"https:\/\/www.asmodee.be\/?page_id=11176"},"modified":"2024-06-03T03:16:05","modified_gmt":"2024-06-03T08:16:05","slug":"contacteer-ons","status":"publish","type":"page","link":"https:\/\/www.asmodee.be\/nl\/contacteer-ons\/","title":{"rendered":"Contacteer ons"},"content":{"rendered":"\n<h2 class=\"wp-block-heading\"><strong>Consumenten<\/strong><\/h2>\n\n\n\n<p>Ben je een particulier en mis je \u00e9\u00e9n of meerdere stukken van een spel dat wordt verdeeld door Asmodee Belgi\u00eb? <\/p>\n\n\n\n<p>Neem een kijkje op onze pagina <a href=\"https:\/\/www.asmodee.be\/nl\/dienst-na-verkoop\/\">dienst-na-verkoop<\/a>.<\/p>\n\n\n\n<div style=\"height:46px\" aria-hidden=\"true\" class=\"wp-block-spacer\"><\/div>\n\n\n\n<h2 class=\"wp-block-heading\"><strong>Pers<\/strong><\/h2>\n\n\n\n<p>Voor pers of media-aanvragen, neem een kijkje op <a href=\"https:\/\/asmodee.prezly.com\/\" target=\"_blank\" rel=\"noreferrer noopener\">https:\/\/asmodee.prezly.com\/<\/a> of neem contact op met Marijke via <a href=\"mailto:m.vanthillo@asmodee.com\">m.vanthillo@asmodee.com<\/a>.<\/p>\n","protected":false},"excerpt":{"rendered":"<p>Consumenten Ben je een particulier en mis je \u00e9\u00e9n of meerdere stukken van een spel dat wordt verdeeld door Asmodee Belgi\u00eb? Neem een kijkje op onze pagina dienst-na-verkoop. Pers Voor pers of media-aanvragen, neem een kijkje op https:\/\/asmodee.prezly.com\/ of neem contact op met Marijke via m.vanthillo@asmodee.com.<\/p>\n","protected":false},"author":34,"featured_media":0,"parent":0,"menu_order":0,"comment_status":"closed","ping_status":"closed","template":"","meta":{"_acf_changed":false,"footnotes":""},"class_list":["post-11176","page","type-page","status-publish","hentry"],"acf":[],"_links":{"self":[{"href":"https:\/\/www.asmodee.be\/nl\/wp-json\/wp\/v2\/pages\/11176","targetHints":{"allow":["GET"]}}],"collection":[{"href":"https:\/\/www.asmodee.be\/nl\/wp-json\/wp\/v2\/pages"}],"about":[{"href":"https:\/\/www.asmodee.be\/nl\/wp-json\/wp\/v2\/types\/page"}],"author":[{"embeddable":true,"href":"https:\/\/www.asmodee.be\/nl\/wp-json\/wp\/v2\/users\/34"}],"replies":[{"embeddable":true,"href":"https:\/\/www.asmodee.be\/nl\/wp-json\/wp\/v2\/comments?post=11176"}],"version-history":[{"count":8,"href":"https:\/\/www.asmodee.be\/nl\/wp-json\/wp\/v2\/pages\/11176\/revisions"}],"predecessor-version":[{"id":21524,"href":"https:\/\/www.asmodee.be\/nl\/wp-json\/wp\/v2\/pages\/11176\/revisions\/21524"}],"wp:attachment":[{"href":"https:\/\/www.asmodee.be\/nl\/wp-json\/wp\/v2\/media?parent=11176"}],"curies":[{"name":"wp","href":"https:\/\/api.w.org\/{rel}","templated":true}]}}