{"id":19735,"date":"2023-09-07T08:13:51","date_gmt":"2023-09-07T13:13:51","guid":{"rendered":"https:\/\/www.asmodee.be\/?page_id=19735"},"modified":"2023-09-13T03:13:48","modified_gmt":"2023-09-13T08:13:48","slug":"de-disney-editie-van-dixit","status":"publish","type":"page","link":"https:\/\/www.asmodee.be\/nl\/de-disney-editie-van-dixit\/","title":{"rendered":"De Disney-editie van Dixit"},"content":{"rendered":"\n<div class=\"wp-block-buttons is-content-justification-center is-layout-flex wp-container-core-buttons-is-layout-16018d1d wp-block-buttons-is-layout-flex\">\n<div class=\"wp-block-button aligncenter is-style-fill\"><a class=\"wp-block-button__link has-background\" href=\"https:\/\/storelocator.asmodee.com\/be\" style=\"background-color:#1b3363\" target=\"_blank\" rel=\"noreferrer noopener\"><mark style=\"background-color:rgba(0, 0, 0, 0)\" class=\"has-inline-color has-white-color\">Dixit &#8211; Disney Editie, <\/mark>vanaf nu overal verkrijgbaar!<mark style=\"background-color:rgba(0, 0, 0, 0)\" class=\"has-inline-color has-white-color\">\u00a0<\/mark><\/a><\/div>\n<\/div>\n\n\n\n<div style=\"height:40px\" aria-hidden=\"true\" class=\"wp-block-spacer\"><\/div>\n\n\n\n<div class=\"wp-block-image\"><figure class=\"aligncenter size-large\"><img loading=\"lazy\" decoding=\"async\" width=\"1024\" height=\"352\" src=\"https:\/\/cdn.svc.asmodee.net\/production-asmodeebe\/uploads\/2023\/09\/DIXIT_D_banner_1920x660-1024x352.jpg\" alt=\"\" class=\"wp-image-19736\" srcset=\"https:\/\/cdn.svc.asmodee.net\/production-asmodeebe\/uploads\/image-converter\/2023\/09\/DIXIT_D_banner_1920x660-1024x352.webp 1024w, https:\/\/cdn.svc.asmodee.net\/production-asmodeebe\/uploads\/image-converter\/2023\/09\/DIXIT_D_banner_1920x660-300x103.webp 300w, https:\/\/cdn.svc.asmodee.net\/production-asmodeebe\/uploads\/image-converter\/2023\/09\/DIXIT_D_banner_1920x660-768x264.webp 768w, https:\/\/cdn.svc.asmodee.net\/production-asmodeebe\/uploads\/image-converter\/2023\/09\/DIXIT_D_banner_1920x660-1536x528.webp 1536w, https:\/\/cdn.svc.asmodee.net\/production-asmodeebe\/uploads\/image-converter\/2023\/09\/DIXIT_D_banner_1920x660-1440x495.webp 1440w, https:\/\/cdn.svc.asmodee.net\/production-asmodeebe\/uploads\/image-converter\/2023\/09\/DIXIT_D_banner_1920x660.webp 1920w\" sizes=\"auto, (max-width: 1024px) 100vw, 1024px\" \/><\/figure><\/div>\n\n\n\n<h2 class=\"has-text-align-center has-text-color wp-block-heading\" style=\"color:#1b3363\"><p style=\" color: #1b3363;\">De magie van Disney, gecombineerd met de po\u00ebzie van Dixit!<\/h2>\n\n\n\n<div style=\"height:20px\" aria-hidden=\"true\" class=\"wp-block-spacer\"><\/div>\n\n\n\n<div class=\"wp-block-media-text alignwide has-media-on-the-right is-stacked-on-mobile\"><figure class=\"wp-block-media-text__media\"><img loading=\"lazy\" decoding=\"async\" width=\"515\" height=\"622\" src=\"https:\/\/cdn.svc.asmodee.net\/production-asmodeebe\/uploads\/2023\/09\/DixitDisney.png\" alt=\"\" class=\"wp-image-19738 size-full\" srcset=\"https:\/\/cdn.svc.asmodee.net\/production-asmodeebe\/uploads\/image-converter\/2023\/09\/DixitDisney.webp 515w, https:\/\/cdn.svc.asmodee.net\/production-asmodeebe\/uploads\/image-converter\/2023\/09\/DixitDisney-248x300.webp 248w, https:\/\/cdn.svc.asmodee.net\/production-asmodeebe\/uploads\/image-converter\/2023\/09\/DixitDisney-414x500.webp 414w\" sizes=\"auto, (max-width: 515px) 100vw, 515px\" \/><\/figure><div class=\"wp-block-media-text__content\">\n<p>Dixit Disney&nbsp;is een <strong>eenvoudig en luchtig familiespel <\/strong>waarin de spelers interpreteren, fantaseren en gissen. Er wacht huneen uitdaging, maar een aangename, dankzij de prachtige illustraties uit de&nbsp;Disney-wereld. De illustraties hebben \u00e9\u00e9n ding gemeen: een geheimzinnige beschrijving in \u00e9\u00e9n zin, die echter bij slechts \u00e9\u00e9n kaart past. Vind de juiste kaart om punten te verdienen.<\/p>\n\n\n\n<p>Dankzij de 84&nbsp;kaarten met illustraties uit bekende films van Disney en Pixar, van&nbsp;<em>Steamboat Willie<\/em>&nbsp;tot&nbsp;<em>Turning Red<\/em>,&nbsp;zal <em>Dixit Disney<\/em>&nbsp;je zeker bekoren.<\/p>\n\n\n\n<p><strong>Auteur :<\/strong>&nbsp;Jean-Louis Roubira<br><strong>Illustraties :<\/strong>&nbsp;Natalie Dombois<\/p>\n<\/div><\/div>\n\n\n\n<div style=\"height:40px\" aria-hidden=\"true\" class=\"wp-block-spacer\"><\/div>\n\n\n\n<iframe loading=\"lazy\" width=\"100%\" height=\"698\" src=\"https:\/\/www.youtube.com\/embed\/eJQDBiMnEs0\" title=\"September 15th - Disney Magic meets Dixit Poetry!\" frameborder=\"0\" allow=\"accelerometer; autoplay; clipboard-write; encrypted-media; gyroscope; picture-in-picture; web-share\" allowfullscreen=\"\"><\/iframe>\n\n\n\n<div style=\"height:40px\" aria-hidden=\"true\" class=\"wp-block-spacer\"><\/div>\n\n\n\n<h2 class=\"has-text-align-center wp-block-heading\"><p style=\" color: #f7c703;\"><strong style=\"color: rgb(27, 51, 99); font-size: revert; background-color: rgb(255, 255, 255);\"><strong>Samenvatting van de spelregels van Dixit Disney<\/strong><\/strong><\/p><\/h2>\n\n\n\n<div style=\"height:20px\" aria-hidden=\"true\" class=\"wp-block-spacer\"><\/div>\n\n\n\n<div class=\"wp-block-columns is-layout-flex wp-container-core-columns-is-layout-9d6595d7 wp-block-columns-is-layout-flex\">\n<div class=\"wp-block-column is-layout-flow wp-block-column-is-layout-flow\">\n<div class=\"wp-block-columns is-layout-flex wp-container-core-columns-is-layout-9d6595d7 wp-block-columns-is-layout-flex\">\n<div class=\"wp-block-column is-layout-flow wp-block-column-is-layout-flow\">\n<figure class=\"wp-block-image size-full\"><img loading=\"lazy\" decoding=\"async\" width=\"391\" height=\"260\" src=\"https:\/\/cdn.svc.asmodee.net\/production-asmodeebe\/uploads\/2023\/09\/Wide-Shots_Dixit-Disney-Edition_Photography_16-391x260_1.jpg\" alt=\"\" class=\"wp-image-19741\" srcset=\"https:\/\/cdn.svc.asmodee.net\/production-asmodeebe\/uploads\/image-converter\/2023\/09\/Wide-Shots_Dixit-Disney-Edition_Photography_16-391x260_1.webp 391w, https:\/\/cdn.svc.asmodee.net\/production-asmodeebe\/uploads\/image-converter\/2023\/09\/Wide-Shots_Dixit-Disney-Edition_Photography_16-391x260_1-300x199.webp 300w\" sizes=\"auto, (max-width: 391px) 100vw, 391px\" \/><\/figure>\n\n\n\n<p>In zijn beurt speelt de speler de rol van verteller. Hij kiest in het geheim een kaart uit zijn hand en geeft een aanwijzing voor die illustratie.<\/p>\n<\/div>\n\n\n\n<div class=\"wp-block-column is-layout-flow wp-block-column-is-layout-flow\">\n<figure class=\"wp-block-image size-full\"><img loading=\"lazy\" decoding=\"async\" width=\"391\" height=\"260\" src=\"https:\/\/cdn.svc.asmodee.net\/production-asmodeebe\/uploads\/2023\/09\/Wide-Shots_Dixit-Disney-Edition_Photography_24-391x260_2.jpg\" alt=\"\" class=\"wp-image-19743\" srcset=\"https:\/\/cdn.svc.asmodee.net\/production-asmodeebe\/uploads\/image-converter\/2023\/09\/Wide-Shots_Dixit-Disney-Edition_Photography_24-391x260_2.webp 391w, https:\/\/cdn.svc.asmodee.net\/production-asmodeebe\/uploads\/image-converter\/2023\/09\/Wide-Shots_Dixit-Disney-Edition_Photography_24-391x260_2-300x199.webp 300w\" sizes=\"auto, (max-width: 391px) 100vw, 391px\" \/><\/figure>\n\n\n\n<p>De andere spelers kiezen een kaart uit hun hand die het beste past bij de aanwijzing.<\/p>\n<\/div>\n<\/div>\n<\/div>\n\n\n\n<div class=\"wp-block-column is-layout-flow wp-block-column-is-layout-flow\">\n<div class=\"wp-block-columns is-layout-flex wp-container-core-columns-is-layout-9d6595d7 wp-block-columns-is-layout-flex\">\n<div class=\"wp-block-column is-layout-flow wp-block-column-is-layout-flow\">\n<figure class=\"wp-block-image size-full\"><img loading=\"lazy\" decoding=\"async\" width=\"391\" height=\"260\" src=\"https:\/\/cdn.svc.asmodee.net\/production-asmodeebe\/uploads\/2023\/09\/Wide-Shots_Dixit-Disney-Edition_Photography_23-391x260_3.jpg\" alt=\"\" class=\"wp-image-19745\" srcset=\"https:\/\/cdn.svc.asmodee.net\/production-asmodeebe\/uploads\/image-converter\/2023\/09\/Wide-Shots_Dixit-Disney-Edition_Photography_23-391x260_3.webp 391w, https:\/\/cdn.svc.asmodee.net\/production-asmodeebe\/uploads\/image-converter\/2023\/09\/Wide-Shots_Dixit-Disney-Edition_Photography_23-391x260_3-300x199.webp 300w\" sizes=\"auto, (max-width: 391px) 100vw, 391px\" \/><\/figure>\n\n\n\n<p>De spelers schudden de gekozen kaarten, leggen ze open en stemmen dan in het geheim op de kaart van de verteller.<\/p>\n<\/div>\n\n\n\n<div class=\"wp-block-column is-layout-flow wp-block-column-is-layout-flow\">\n<figure class=\"wp-block-image size-full\"><img loading=\"lazy\" decoding=\"async\" width=\"391\" height=\"260\" src=\"https:\/\/cdn.svc.asmodee.net\/production-asmodeebe\/uploads\/2023\/09\/Wide-Shots_Dixit-Disney-Edition_Photography_8-391x260._4jpg.jpg\" alt=\"\" class=\"wp-image-19747\" srcset=\"https:\/\/cdn.svc.asmodee.net\/production-asmodeebe\/uploads\/image-converter\/2023\/09\/Wide-Shots_Dixit-Disney-Edition_Photography_8-391x260._4jpg.webp 391w, https:\/\/cdn.svc.asmodee.net\/production-asmodeebe\/uploads\/image-converter\/2023\/09\/Wide-Shots_Dixit-Disney-Edition_Photography_8-391x260._4jpg-300x199.webp 300w\" sizes=\"auto, (max-width: 391px) 100vw, 391px\" \/><\/figure>\n\n\n\n<p>De verteller scoort punten als een deel van de spelers (niet allemaal) op zijn kaart hebben gestemd. De verteller moet dus zorgen voor een duidelijke, maar niet te duidelijke aanwijzing.<\/p>\n<\/div>\n<\/div>\n<\/div>\n<\/div>\n\n\n\n<div class=\"wp-block-buttons is-layout-flex wp-block-buttons-is-layout-flex\">\n<div class=\"wp-block-button aligncenter\"><a class=\"wp-block-button__link has-background\" href=\"https:\/\/cdn.svc.asmodee.net\/production-asmodeebe\/uploads\/2022\/02\/DIXIT_DISNEY_RULES_NL.pdf\" style=\"background-color:#1b3363\">Download de spelregels<\/a><\/div>\n<\/div>\n\n\n\n<div style=\"height:40px\" aria-hidden=\"true\" class=\"wp-block-spacer\"><\/div>\n\n\n\n<figure class=\"wp-block-image size-full\"><img loading=\"lazy\" decoding=\"async\" width=\"1023\" height=\"770\" src=\"https:\/\/cdn.svc.asmodee.net\/production-asmodeebe\/uploads\/2023\/09\/DIXIT_DISNEY_BoxPackshot_R_EN_LD.png\" alt=\"\" class=\"wp-image-19749\" srcset=\"https:\/\/cdn.svc.asmodee.net\/production-asmodeebe\/uploads\/image-converter\/2023\/09\/DIXIT_DISNEY_BoxPackshot_R_EN_LD.webp 1023w, https:\/\/cdn.svc.asmodee.net\/production-asmodeebe\/uploads\/image-converter\/2023\/09\/DIXIT_DISNEY_BoxPackshot_R_EN_LD-300x226.webp 300w, https:\/\/cdn.svc.asmodee.net\/production-asmodeebe\/uploads\/image-converter\/2023\/09\/DIXIT_DISNEY_BoxPackshot_R_EN_LD-768x578.webp 768w, https:\/\/cdn.svc.asmodee.net\/production-asmodeebe\/uploads\/image-converter\/2023\/09\/DIXIT_DISNEY_BoxPackshot_R_EN_LD-664x500.webp 664w\" sizes=\"auto, (max-width: 1023px) 100vw, 1023px\" \/><\/figure>\n\n\n\n<div style=\"height:40px\" aria-hidden=\"true\" class=\"wp-block-spacer\"><\/div>\n\n\n\n<div class=\"wp-block-buttons is-layout-flex wp-block-buttons-is-layout-flex\">\n<div class=\"wp-block-button aligncenter\"><a class=\"wp-block-button__link has-background\" href=\"https:\/\/storelocator.asmodee.com\/be\" style=\"background-color:#1b3363\" target=\"_blank\" rel=\"noreferrer noopener\"><mark style=\"background-color:rgba(0, 0, 0, 0)\" class=\"has-inline-color has-white-color\">Dixit &#8211; Disney Editie, <\/mark>vanaf nu overal verkrijgbaar!<\/a><\/div>\n<\/div>\n\n\n\n<div style=\"height:40px\" aria-hidden=\"true\" class=\"wp-block-spacer\"><\/div>\n\n\n\n<h2 class=\"has-text-align-center wp-block-heading\"><p style=\" color: #f7c703;\"><p style=\" color: #f7c703;\"><strong style=\"color: rgb(27, 51, 99); font-size: revert; background-color: rgb(255, 255, 255);\"><strong>Het Dixit-universum<\/strong><\/strong><\/p><\/h2>\n\n\n\n<div style=\"height:20px\" aria-hidden=\"true\" class=\"wp-block-spacer\"><\/div>\n\n\n\n<p class=\"has-text-align-center\"><em>Dixit<\/em> is een betoverend kaartspel van spelontwerper Jean-Louis Roubira. Dankzij de prachtige illustraties van kunstenares Marie Cardouat dompelt Dixit de spelers onder in een wereld van fantasie en verhalen. Met meer dan een dozijn bekroningen, waaronder in 2010 Spiel des Jahres en in 2009 As d\u2019Or, nodigt Dixit de spelers uit om 84 droomillustraties te ontdekken en hun interpretaties te delen met de andere spelers. Dixit is een mooi en eenvoudig spel, ideaal om met familie en vrienden te spelen, je fantasie aan het werk te zetten en je vrienden en familie van een andere kant te leren kennen.<\/p>\n\n\n\n<div class=\"wp-block-buttons is-content-justification-center is-layout-flex wp-container-core-buttons-is-layout-16018d1d wp-block-buttons-is-layout-flex\">\n<div class=\"wp-block-button aligncenter is-style-fill\"><a class=\"wp-block-button__link has-background\" href=\"https:\/\/www.asmodee.be\/nl\/gamme\/dixit-nl\/\" style=\"background-color:#1b3363\">Ontdek<\/a><\/div>\n<\/div>\n\n\n\n<div style=\"height:37px\" aria-hidden=\"true\" class=\"wp-block-spacer\"><\/div>\n","protected":false},"excerpt":{"rendered":"<p>De magie van Disney, gecombineerd met de po\u00ebzie van Dixit! Dixit Disney&nbsp;is een eenvoudig en luchtig familiespel waarin de spelers interpreteren, fantaseren en gissen. Er wacht huneen uitdaging, maar een aangename, dankzij de prachtige illustraties uit de&nbsp;Disney-wereld. De illustraties hebben \u00e9\u00e9n ding gemeen: een geheimzinnige beschrijving in \u00e9\u00e9n zin, die echter bij slechts \u00e9\u00e9n kaart [&hellip;]<\/p>\n","protected":false},"author":34,"featured_media":19737,"parent":0,"menu_order":0,"comment_status":"closed","ping_status":"closed","template":"","meta":{"_acf_changed":false,"footnotes":""},"class_list":["post-19735","page","type-page","status-publish","has-post-thumbnail","hentry"],"acf":[],"_links":{"self":[{"href":"https:\/\/www.asmodee.be\/nl\/wp-json\/wp\/v2\/pages\/19735","targetHints":{"allow":["GET"]}}],"collection":[{"href":"https:\/\/www.asmodee.be\/nl\/wp-json\/wp\/v2\/pages"}],"about":[{"href":"https:\/\/www.asmodee.be\/nl\/wp-json\/wp\/v2\/types\/page"}],"author":[{"embeddable":true,"href":"https:\/\/www.asmodee.be\/nl\/wp-json\/wp\/v2\/users\/34"}],"replies":[{"embeddable":true,"href":"https:\/\/www.asmodee.be\/nl\/wp-json\/wp\/v2\/comments?post=19735"}],"version-history":[{"count":3,"href":"https:\/\/www.asmodee.be\/nl\/wp-json\/wp\/v2\/pages\/19735\/revisions"}],"predecessor-version":[{"id":19792,"href":"https:\/\/www.asmodee.be\/nl\/wp-json\/wp\/v2\/pages\/19735\/revisions\/19792"}],"wp:featuredmedia":[{"embeddable":true,"href":"https:\/\/www.asmodee.be\/nl\/wp-json\/wp\/v2\/media\/19737"}],"wp:attachment":[{"href":"https:\/\/www.asmodee.be\/nl\/wp-json\/wp\/v2\/media?parent=19735"}],"curies":[{"name":"wp","href":"https:\/\/api.w.org\/{rel}","templated":true}]}}