{"id":14986,"date":"2023-01-30T11:44:22","date_gmt":"2023-01-30T16:44:22","guid":{"rendered":"https:\/\/www.asmodee.be\/?post_type=product&#038;p=14986"},"modified":"2024-03-25T04:05:06","modified_gmt":"2024-03-25T09:05:06","slug":"jungle-speed-kids","status":"publish","type":"product","link":"https:\/\/www.asmodee.be\/nl\/product\/jungle-speed-kids\/","title":{"rendered":"Jungle Speed Kids"},"content":{"rendered":"\n<p>Een spel voor jonge kinderen waarin geheugentraining, observatievermogen en reflexen gecombineerd worden. In het midden van de tafel staat een totem. \u00a0De spelers draaien \u00e9\u00e9n voor \u00e9\u00e9n een dierentegel om en leggen die daarna gedekt weg. Zodra iemand zeker weet dat op de omgedraaide tegel hetzelfde dier staat als op een andere, gedekte, tegel, grijpt hij de totem en zet die op de betreffende tegel. Als hij zich heeft vergist, mag hij de totem niet meer nemen tot een leeuwentegel wordt omgedraaid of hij opnieuw aan de beurt is. Het spel is eindigt als alle leeuwentegels zijn omgedraaid of als alle dieren zijn gered. De speler met de meeste dierentegels wint het spel.\u00a0\u00a0<\/p>\n","protected":false},"excerpt":{"rendered":"<p>Jungle Speed Kids is een spel voor jonge kinderen dat geheugen, observatie en reflexen combineert. <\/p>\n","protected":false},"author":33,"featured_media":21060,"parent":0,"menu_order":0,"template":"","meta":{"_acf_changed":false},"player":[982,1454],"player_range":[919],"duration":[925,926],"duration_range":[930,931],"age":[1102],"age_range":[935],"benefit":[937],"publisher":[],"public":[],"theme":[949,950],"gamme":[],"product_category":[913],"class_list":["post-14986","product","type-product","status-publish","has-post-thumbnail","hentry","player-2-6-2","player-2-6-nl","player_range-2-nl","duration-15-nl","duration-15-30-nl","duration_range-15-min-nl","duration_range-15-30-min-nl","age-4-2","age_range-6-jaar-nl","benefit-interactie-nl","theme-alle-bordspellen-nl","theme-best-sellers-nl","product_category-kids-spellen-nl"],"acf":[],"featuredImageSourceUrl":"https:\/\/www.asmodee.be\/image-converter?url=https%3A%2F%2Fcdn.svc.asmodee.net%2Fproduction-asmodeebe%2Fuploads%2F2022%2F08%2FDesign-sans-titre-1024x1024.png&attachment_id=21060","productImageSourceUrl":false,"_links":{"self":[{"href":"https:\/\/www.asmodee.be\/nl\/wp-json\/wp\/v2\/product\/14986","targetHints":{"allow":["GET"]}}],"collection":[{"href":"https:\/\/www.asmodee.be\/nl\/wp-json\/wp\/v2\/product"}],"about":[{"href":"https:\/\/www.asmodee.be\/nl\/wp-json\/wp\/v2\/types\/product"}],"author":[{"embeddable":true,"href":"https:\/\/www.asmodee.be\/nl\/wp-json\/wp\/v2\/users\/33"}],"wp:featuredmedia":[{"embeddable":true,"href":"https:\/\/www.asmodee.be\/nl\/wp-json\/wp\/v2\/media\/21060"}],"wp:attachment":[{"href":"https:\/\/www.asmodee.be\/nl\/wp-json\/wp\/v2\/media?parent=14986"}],"wp:term":[{"taxonomy":"player","embeddable":true,"href":"https:\/\/www.asmodee.be\/nl\/wp-json\/wp\/v2\/player?post=14986"},{"taxonomy":"player_range","embeddable":true,"href":"https:\/\/www.asmodee.be\/nl\/wp-json\/wp\/v2\/player_range?post=14986"},{"taxonomy":"duration","embeddable":true,"href":"https:\/\/www.asmodee.be\/nl\/wp-json\/wp\/v2\/duration?post=14986"},{"taxonomy":"duration_range","embeddable":true,"href":"https:\/\/www.asmodee.be\/nl\/wp-json\/wp\/v2\/duration_range?post=14986"},{"taxonomy":"age","embeddable":true,"href":"https:\/\/www.asmodee.be\/nl\/wp-json\/wp\/v2\/age?post=14986"},{"taxonomy":"age_range","embeddable":true,"href":"https:\/\/www.asmodee.be\/nl\/wp-json\/wp\/v2\/age_range?post=14986"},{"taxonomy":"benefit","embeddable":true,"href":"https:\/\/www.asmodee.be\/nl\/wp-json\/wp\/v2\/benefit?post=14986"},{"taxonomy":"publisher","embeddable":true,"href":"https:\/\/www.asmodee.be\/nl\/wp-json\/wp\/v2\/publisher?post=14986"},{"taxonomy":"public","embeddable":true,"href":"https:\/\/www.asmodee.be\/nl\/wp-json\/wp\/v2\/public?post=14986"},{"taxonomy":"theme","embeddable":true,"href":"https:\/\/www.asmodee.be\/nl\/wp-json\/wp\/v2\/theme?post=14986"},{"taxonomy":"gamme","embeddable":true,"href":"https:\/\/www.asmodee.be\/nl\/wp-json\/wp\/v2\/gamme?post=14986"},{"taxonomy":"product_category","embeddable":true,"href":"https:\/\/www.asmodee.be\/nl\/wp-json\/wp\/v2\/product_category?post=14986"}],"curies":[{"name":"wp","href":"https:\/\/api.w.org\/{rel}","templated":true}]}}