{"id":15066,"date":"2023-01-31T06:04:05","date_gmt":"2023-01-31T11:04:05","guid":{"rendered":"https:\/\/www.asmodee.be\/?post_type=product&#038;p=15066"},"modified":"2023-11-27T09:06:52","modified_gmt":"2023-11-27T14:06:52","slug":"pandemic-legacy-seizoen-1","status":"publish","type":"product","link":"https:\/\/www.asmodee.be\/nl\/product\/pandemic-legacy-seizoen-1\/","title":{"rendered":"Pandemic Legacy &#8211; Seizoen 1"},"content":{"rendered":"\n<p>In Pandemic Legacy vormen de spelers een team van specialisten. Jullie krijgen te maken met steeds krachtiger epidemie\u00ebn en moeten vier dodelijke ziekten bestrijden in \u00e9\u00e9n jaar tijd. Elke maand brengt nieuwe uitdagingen met zich mee die jullie nauwgezet voorbereide plannen overhoop gooien. Elke actie die jullie ondernemen, be\u00efnvloedt de volgende spellen. Zal de wereld deze wereldwijde pandemie overleven? Verdeel jullie krachten, co\u00f6rdineer jullie acties, communiceer goed met je teamgenoten, want het lot van de mensheid ligt in jullie handen.<\/p>\n","protected":false},"excerpt":{"rendered":"<p>Er staat de wereld een ramp te wachten. <\/p>\n","protected":false},"author":33,"featured_media":15660,"parent":0,"menu_order":0,"template":"","meta":{"_acf_changed":false},"player":[173,1096],"player_range":[919],"duration":[924,927],"duration_range":[929,932],"age":[984,45],"age_range":[934],"benefit":[941,942],"publisher":[],"public":[],"theme":[949],"gamme":[1507],"product_category":[915],"class_list":["post-15066","product","type-product","status-publish","has-post-thumbnail","hentry","player-2-4-fr","player-2-4-2","player_range-2-nl","duration-60-nl","duration-30-45-nl","duration_range-60-min-nl","duration_range-30-45-min-nl","age-12-2","age-45","age_range-10-jaar-nl","benefit-strategie-nl","benefit-teamwerk-nl","theme-alle-bordspellen-nl","gamme-pandemic-nl","product_category-gezelschap-spellen-nl"],"acf":[],"featuredImageSourceUrl":"https:\/\/cdn.svc.asmodee.net\/production-asmodeebe\/uploads\/image-converter\/2023\/01\/ZMG71171NL.webp","productImageSourceUrl":false,"_links":{"self":[{"href":"https:\/\/www.asmodee.be\/nl\/wp-json\/wp\/v2\/product\/15066","targetHints":{"allow":["GET"]}}],"collection":[{"href":"https:\/\/www.asmodee.be\/nl\/wp-json\/wp\/v2\/product"}],"about":[{"href":"https:\/\/www.asmodee.be\/nl\/wp-json\/wp\/v2\/types\/product"}],"author":[{"embeddable":true,"href":"https:\/\/www.asmodee.be\/nl\/wp-json\/wp\/v2\/users\/33"}],"wp:featuredmedia":[{"embeddable":true,"href":"https:\/\/www.asmodee.be\/nl\/wp-json\/wp\/v2\/media\/15660"}],"wp:attachment":[{"href":"https:\/\/www.asmodee.be\/nl\/wp-json\/wp\/v2\/media?parent=15066"}],"wp:term":[{"taxonomy":"player","embeddable":true,"href":"https:\/\/www.asmodee.be\/nl\/wp-json\/wp\/v2\/player?post=15066"},{"taxonomy":"player_range","embeddable":true,"href":"https:\/\/www.asmodee.be\/nl\/wp-json\/wp\/v2\/player_range?post=15066"},{"taxonomy":"duration","embeddable":true,"href":"https:\/\/www.asmodee.be\/nl\/wp-json\/wp\/v2\/duration?post=15066"},{"taxonomy":"duration_range","embeddable":true,"href":"https:\/\/www.asmodee.be\/nl\/wp-json\/wp\/v2\/duration_range?post=15066"},{"taxonomy":"age","embeddable":true,"href":"https:\/\/www.asmodee.be\/nl\/wp-json\/wp\/v2\/age?post=15066"},{"taxonomy":"age_range","embeddable":true,"href":"https:\/\/www.asmodee.be\/nl\/wp-json\/wp\/v2\/age_range?post=15066"},{"taxonomy":"benefit","embeddable":true,"href":"https:\/\/www.asmodee.be\/nl\/wp-json\/wp\/v2\/benefit?post=15066"},{"taxonomy":"publisher","embeddable":true,"href":"https:\/\/www.asmodee.be\/nl\/wp-json\/wp\/v2\/publisher?post=15066"},{"taxonomy":"public","embeddable":true,"href":"https:\/\/www.asmodee.be\/nl\/wp-json\/wp\/v2\/public?post=15066"},{"taxonomy":"theme","embeddable":true,"href":"https:\/\/www.asmodee.be\/nl\/wp-json\/wp\/v2\/theme?post=15066"},{"taxonomy":"gamme","embeddable":true,"href":"https:\/\/www.asmodee.be\/nl\/wp-json\/wp\/v2\/gamme?post=15066"},{"taxonomy":"product_category","embeddable":true,"href":"https:\/\/www.asmodee.be\/nl\/wp-json\/wp\/v2\/product_category?post=15066"}],"curies":[{"name":"wp","href":"https:\/\/api.w.org\/{rel}","templated":true}]}}