{"id":17213,"date":"2023-03-17T03:58:12","date_gmt":"2023-03-17T08:58:12","guid":{"rendered":"https:\/\/www.asmodee.be\/?post_type=product&#038;p=17213"},"modified":"2023-11-27T09:13:09","modified_gmt":"2023-11-27T14:13:09","slug":"times-up-harry-potter","status":"publish","type":"product","link":"https:\/\/www.asmodee.be\/nl\/product\/times-up-harry-potter\/","title":{"rendered":"Time&#8217;s Up! Harry Potter"},"content":{"rendered":"\n<p>Il peut aussi se jouer si vous ne connaissez pas l\u2019univers du c\u00e9l\u00e8bre sorcier. Pour gagner, vous devrez faire preuve de vitesse, d&#8217;intelligence et d&#8217;inspiration. Vous vous verrez sauter sur votre chaise pour \u00eatre le premier \u00e0 r\u00e9pondre correctement! Fous rires garantis.<\/p>\n","protected":false},"excerpt":{"rendered":"<p>Het bekende partyspel is nu in een nieuwe versie verkrijgbaar, speciaal voor Harry Potterfans&#8230; <\/p>\n","protected":false},"author":34,"featured_media":12737,"parent":0,"menu_order":0,"template":"","meta":{"_acf_changed":false},"player":[1100],"player_range":[921],"duration":[927],"duration_range":[932],"age":[983,1336],"age_range":[936],"benefit":[937,942],"publisher":[],"public":[],"theme":[949],"gamme":[1510],"product_category":[914],"class_list":["post-17213","product","type-product","status-publish","has-post-thumbnail","hentry","player-4-12-2","player_range-4-nl","duration-30-45-nl","duration_range-30-45-min-nl","age-8-3","age-8-nl","age_range-7-t-m-9-jaar-nl","benefit-interactie-nl","benefit-teamwerk-nl","theme-alle-bordspellen-nl","gamme-times-up-nl","product_category-party-spellen-nl"],"acf":[],"featuredImageSourceUrl":"https:\/\/www.asmodee.be\/image-converter?url=https%3A%2F%2Fcdn.svc.asmodee.net%2Fproduction-asmodeebe%2Fuploads%2F2022%2F01%2FFR-TIMES_UP-HARRY_POTTER-L-1024x1024.png&attachment_id=12737","productImageSourceUrl":false,"_links":{"self":[{"href":"https:\/\/www.asmodee.be\/nl\/wp-json\/wp\/v2\/product\/17213","targetHints":{"allow":["GET"]}}],"collection":[{"href":"https:\/\/www.asmodee.be\/nl\/wp-json\/wp\/v2\/product"}],"about":[{"href":"https:\/\/www.asmodee.be\/nl\/wp-json\/wp\/v2\/types\/product"}],"author":[{"embeddable":true,"href":"https:\/\/www.asmodee.be\/nl\/wp-json\/wp\/v2\/users\/34"}],"wp:featuredmedia":[{"embeddable":true,"href":"https:\/\/www.asmodee.be\/nl\/wp-json\/wp\/v2\/media\/12737"}],"wp:attachment":[{"href":"https:\/\/www.asmodee.be\/nl\/wp-json\/wp\/v2\/media?parent=17213"}],"wp:term":[{"taxonomy":"player","embeddable":true,"href":"https:\/\/www.asmodee.be\/nl\/wp-json\/wp\/v2\/player?post=17213"},{"taxonomy":"player_range","embeddable":true,"href":"https:\/\/www.asmodee.be\/nl\/wp-json\/wp\/v2\/player_range?post=17213"},{"taxonomy":"duration","embeddable":true,"href":"https:\/\/www.asmodee.be\/nl\/wp-json\/wp\/v2\/duration?post=17213"},{"taxonomy":"duration_range","embeddable":true,"href":"https:\/\/www.asmodee.be\/nl\/wp-json\/wp\/v2\/duration_range?post=17213"},{"taxonomy":"age","embeddable":true,"href":"https:\/\/www.asmodee.be\/nl\/wp-json\/wp\/v2\/age?post=17213"},{"taxonomy":"age_range","embeddable":true,"href":"https:\/\/www.asmodee.be\/nl\/wp-json\/wp\/v2\/age_range?post=17213"},{"taxonomy":"benefit","embeddable":true,"href":"https:\/\/www.asmodee.be\/nl\/wp-json\/wp\/v2\/benefit?post=17213"},{"taxonomy":"publisher","embeddable":true,"href":"https:\/\/www.asmodee.be\/nl\/wp-json\/wp\/v2\/publisher?post=17213"},{"taxonomy":"public","embeddable":true,"href":"https:\/\/www.asmodee.be\/nl\/wp-json\/wp\/v2\/public?post=17213"},{"taxonomy":"theme","embeddable":true,"href":"https:\/\/www.asmodee.be\/nl\/wp-json\/wp\/v2\/theme?post=17213"},{"taxonomy":"gamme","embeddable":true,"href":"https:\/\/www.asmodee.be\/nl\/wp-json\/wp\/v2\/gamme?post=17213"},{"taxonomy":"product_category","embeddable":true,"href":"https:\/\/www.asmodee.be\/nl\/wp-json\/wp\/v2\/product_category?post=17213"}],"curies":[{"name":"wp","href":"https:\/\/api.w.org\/{rel}","templated":true}]}}