{"id":20289,"date":"2023-11-28T04:48:31","date_gmt":"2023-11-28T09:48:31","guid":{"rendered":"https:\/\/www.asmodee.be\/product\/path-of-civilization\/"},"modified":"2024-10-14T04:16:19","modified_gmt":"2024-10-14T09:16:19","slug":"path-of-civilization","status":"publish","type":"product","link":"https:\/\/www.asmodee.be\/nl\/product\/path-of-civilization\/","title":{"rendered":"Path Of Civilization"},"content":{"rendered":"\n<p>Prenez les r\u00eanes de votre civilisation et faites les choix qui vous m\u00e8neront \u00e0 la prosp\u00e9rit\u00e9. Recherchez de nouvelles technologies pour am\u00e9liorer la science, la force militaire, la ferveur, la culture et l&#8217;industrialisation de votre nation. D\u00e9veloppez le plus grand courant philosophique de l&#8217;humanit\u00e9. Utilisez vos disciples pour devenir l&#8217;un de ses pr\u00e9curseurs et d\u00e9cider ainsi de son \u00e9volution. Envoyez vos architectes et vos explorateurs cr\u00e9er sur votre territoire des merveilles qui nous survivront \u00e0 tous.<br>D\u00e9veloppez votre population pour que les personnages les plus illustres en naissent et changent le monde \u00e0 jamais, m\u00eame apr\u00e8s leur mort. D\u00e9veloppez votre patrimoine militaire pour que le nom de votre civilisation suffise \u00e0 faire trembler vos adversaires &#8211; et si cela ne suffit pas, envoyez votre arm\u00e9e vaincre les barbares les plus lointains. Utilisez vos philosophes et vos penseurs pour r\u00e9soudre les grands d\u00e9fis de l&#8217;humanit\u00e9 qui marqueront son histoire.<\/p>\n\n\n","protected":false},"excerpt":{"rendered":"<p>Guidez votre civilisation vers la richesse et la prosp\u00e9rit\u00e9 !<\/p>\n","protected":false},"author":34,"featured_media":20307,"parent":0,"menu_order":0,"template":"","meta":{"_acf_changed":false},"player":[1457],"player_range":[918],"duration":[924],"duration_range":[929],"age":[1453],"age_range":[934],"benefit":[941],"publisher":[],"public":[],"theme":[949],"gamme":[],"product_category":[917],"class_list":["post-20289","product","type-product","status-publish","has-post-thumbnail","hentry","player-1-5-fr-nl","player_range-1-nl","duration-60-nl","duration_range-60-min-nl","age-10-nl","age_range-10-jaar-nl","benefit-strategie-nl","theme-alle-bordspellen-nl","product_category-experts-spellen-nl"],"acf":[],"featuredImageSourceUrl":"https:\/\/www.asmodee.be\/image-converter?url=https%3A%2F%2Fcdn.svc.asmodee.net%2Fproduction-asmodeebe%2Fuploads%2F2023%2F11%2Fcap013_1-1024x939.jpg&attachment_id=20307","productImageSourceUrl":false,"_links":{"self":[{"href":"https:\/\/www.asmodee.be\/nl\/wp-json\/wp\/v2\/product\/20289","targetHints":{"allow":["GET"]}}],"collection":[{"href":"https:\/\/www.asmodee.be\/nl\/wp-json\/wp\/v2\/product"}],"about":[{"href":"https:\/\/www.asmodee.be\/nl\/wp-json\/wp\/v2\/types\/product"}],"author":[{"embeddable":true,"href":"https:\/\/www.asmodee.be\/nl\/wp-json\/wp\/v2\/users\/34"}],"wp:featuredmedia":[{"embeddable":true,"href":"https:\/\/www.asmodee.be\/nl\/wp-json\/wp\/v2\/media\/20307"}],"wp:attachment":[{"href":"https:\/\/www.asmodee.be\/nl\/wp-json\/wp\/v2\/media?parent=20289"}],"wp:term":[{"taxonomy":"player","embeddable":true,"href":"https:\/\/www.asmodee.be\/nl\/wp-json\/wp\/v2\/player?post=20289"},{"taxonomy":"player_range","embeddable":true,"href":"https:\/\/www.asmodee.be\/nl\/wp-json\/wp\/v2\/player_range?post=20289"},{"taxonomy":"duration","embeddable":true,"href":"https:\/\/www.asmodee.be\/nl\/wp-json\/wp\/v2\/duration?post=20289"},{"taxonomy":"duration_range","embeddable":true,"href":"https:\/\/www.asmodee.be\/nl\/wp-json\/wp\/v2\/duration_range?post=20289"},{"taxonomy":"age","embeddable":true,"href":"https:\/\/www.asmodee.be\/nl\/wp-json\/wp\/v2\/age?post=20289"},{"taxonomy":"age_range","embeddable":true,"href":"https:\/\/www.asmodee.be\/nl\/wp-json\/wp\/v2\/age_range?post=20289"},{"taxonomy":"benefit","embeddable":true,"href":"https:\/\/www.asmodee.be\/nl\/wp-json\/wp\/v2\/benefit?post=20289"},{"taxonomy":"publisher","embeddable":true,"href":"https:\/\/www.asmodee.be\/nl\/wp-json\/wp\/v2\/publisher?post=20289"},{"taxonomy":"public","embeddable":true,"href":"https:\/\/www.asmodee.be\/nl\/wp-json\/wp\/v2\/public?post=20289"},{"taxonomy":"theme","embeddable":true,"href":"https:\/\/www.asmodee.be\/nl\/wp-json\/wp\/v2\/theme?post=20289"},{"taxonomy":"gamme","embeddable":true,"href":"https:\/\/www.asmodee.be\/nl\/wp-json\/wp\/v2\/gamme?post=20289"},{"taxonomy":"product_category","embeddable":true,"href":"https:\/\/www.asmodee.be\/nl\/wp-json\/wp\/v2\/product_category?post=20289"}],"curies":[{"name":"wp","href":"https:\/\/api.w.org\/{rel}","templated":true}]}}