{"id":23233,"date":"2025-04-08T08:52:06","date_gmt":"2025-04-08T13:52:06","guid":{"rendered":"https:\/\/www.asmodee.be\/?post_type=product&#038;p=23233"},"modified":"2025-04-08T08:55:12","modified_gmt":"2025-04-08T13:55:12","slug":"living-forest-duel","status":"publish","type":"product","link":"https:\/\/www.asmodee.be\/nl\/product\/living-forest-duel\/","title":{"rendered":"Living Forest Duel"},"content":{"rendered":"\n<p>Winter en zomer strijden om hun invloed over het bos!<br><br>Onder de constante dreiging van branden veroorzaakt door Onibi, moet elk seizoen strategie\u00ebn gebruiken om als eerste \u00e9\u00e9n van de vier overwinningsvoorwaarden te behalen en zo het bos te redden\u2026<br><br>Het bos is opnieuw in gevaar. Gelukkig zijn \u2018Zomer\u2019 en \u2018Winter\u2019 er om het bos te verdedigen en te beschermen, met de waardevolle hulp van de beschermdieren.<br>In Living Forest Duel kruipen twee spelers in de geest van zomer en winter. Ze nemen het tegen elkaar op en willen beide erkend worden als ultieme beschermer van het heilige bos. Hoewel hun doelen vergelijkbaar zijn, zal slechts \u00e9\u00e9n seizoen de eer opeisen, dus plan je strategie\u00ebn zorgvuldig.<br><br>Elke speler moet als eerste \u00e9\u00e9n van de vier overwinningsvoorwaarden behalen om het spel te winnen:<br><\/p>\n\n\n\n<ol class=\"wp-block-list\" start=\"1\">\n<li>Cre\u00eber een harmonieus bos: plant een rechthoek van 3\u00d73 beschermboomkaarten in je bos.<\/li>\n\n\n\n<li>Domineer de rekruteringslijn: zorg dat er alleen kaarten van jouw seizoen op de rekruteringslijn liggen.<\/li>\n\n\n\n<li>Doof de vernietigende vlammen: verzamel 7 vuurfiches om het bos te beschermen tegen de verwoesting van de Onibi&#8217;s.<\/li>\n\n\n\n<li>Onibi afweren: verplaats het Onibi-personnage naar de kant van je tegenstander zodra de Onibi-kaart in hun bezit is.<\/li>\n<\/ol>\n","protected":false},"excerpt":{"rendered":"<p>Winter en zomer strijden om hun invloed over het bos! Neem het tegen elkaar op en word erkend als de ultieme heerser van het Heilige bos!<\/p>\n","protected":false},"author":34,"featured_media":23234,"parent":0,"menu_order":0,"template":"","meta":{"_acf_changed":true},"player":[979],"player_range":[],"duration":[928],"duration_range":[933],"age":[983],"age_range":[],"benefit":[937,941],"publisher":[],"public":[],"theme":[1830],"gamme":[],"product_category":[916,915],"class_list":["post-23233","product","type-product","status-publish","has-post-thumbnail","hentry","player-2-nl","duration-45-60-nl","duration_range-45-60-min-nl","age-8-3","benefit-interactie-nl","benefit-strategie-nl","theme-spellen-voor-2","product_category-2-spelers-spellen-nl","product_category-gezelschap-spellen-nl"],"acf":[],"featuredImageSourceUrl":"https:\/\/cdn.svc.asmodee.net\/production-asmodeebe\/uploads\/image-converter\/2025\/04\/FR_3D_LFDuel_Top_right_sansombre.webp","productImageSourceUrl":false,"_links":{"self":[{"href":"https:\/\/www.asmodee.be\/nl\/wp-json\/wp\/v2\/product\/23233","targetHints":{"allow":["GET"]}}],"collection":[{"href":"https:\/\/www.asmodee.be\/nl\/wp-json\/wp\/v2\/product"}],"about":[{"href":"https:\/\/www.asmodee.be\/nl\/wp-json\/wp\/v2\/types\/product"}],"author":[{"embeddable":true,"href":"https:\/\/www.asmodee.be\/nl\/wp-json\/wp\/v2\/users\/34"}],"wp:featuredmedia":[{"embeddable":true,"href":"https:\/\/www.asmodee.be\/nl\/wp-json\/wp\/v2\/media\/23234"}],"wp:attachment":[{"href":"https:\/\/www.asmodee.be\/nl\/wp-json\/wp\/v2\/media?parent=23233"}],"wp:term":[{"taxonomy":"player","embeddable":true,"href":"https:\/\/www.asmodee.be\/nl\/wp-json\/wp\/v2\/player?post=23233"},{"taxonomy":"player_range","embeddable":true,"href":"https:\/\/www.asmodee.be\/nl\/wp-json\/wp\/v2\/player_range?post=23233"},{"taxonomy":"duration","embeddable":true,"href":"https:\/\/www.asmodee.be\/nl\/wp-json\/wp\/v2\/duration?post=23233"},{"taxonomy":"duration_range","embeddable":true,"href":"https:\/\/www.asmodee.be\/nl\/wp-json\/wp\/v2\/duration_range?post=23233"},{"taxonomy":"age","embeddable":true,"href":"https:\/\/www.asmodee.be\/nl\/wp-json\/wp\/v2\/age?post=23233"},{"taxonomy":"age_range","embeddable":true,"href":"https:\/\/www.asmodee.be\/nl\/wp-json\/wp\/v2\/age_range?post=23233"},{"taxonomy":"benefit","embeddable":true,"href":"https:\/\/www.asmodee.be\/nl\/wp-json\/wp\/v2\/benefit?post=23233"},{"taxonomy":"publisher","embeddable":true,"href":"https:\/\/www.asmodee.be\/nl\/wp-json\/wp\/v2\/publisher?post=23233"},{"taxonomy":"public","embeddable":true,"href":"https:\/\/www.asmodee.be\/nl\/wp-json\/wp\/v2\/public?post=23233"},{"taxonomy":"theme","embeddable":true,"href":"https:\/\/www.asmodee.be\/nl\/wp-json\/wp\/v2\/theme?post=23233"},{"taxonomy":"gamme","embeddable":true,"href":"https:\/\/www.asmodee.be\/nl\/wp-json\/wp\/v2\/gamme?post=23233"},{"taxonomy":"product_category","embeddable":true,"href":"https:\/\/www.asmodee.be\/nl\/wp-json\/wp\/v2\/product_category?post=23233"}],"curies":[{"name":"wp","href":"https:\/\/api.w.org\/{rel}","templated":true}]}}