{"id":24169,"date":"2025-09-30T08:27:40","date_gmt":"2025-09-30T13:27:40","guid":{"rendered":"https:\/\/www.asmodee.be\/?post_type=product&#038;p=24169"},"modified":"2025-11-26T04:40:05","modified_gmt":"2025-11-26T09:40:05","slug":"agent-avenue","status":"publish","type":"product","link":"https:\/\/www.asmodee.be\/nl\/product\/agent-avenue\/","title":{"rendered":"Agent Avenue"},"content":{"rendered":"\n<p><\/p>\n\n\n\n<p><strong>Agent Avenue<\/strong>&nbsp;is een competitief kaartspel voor 2\u20134 spelers. Onthul de identiteit van je tegenstander door te bluffen, strategisch je kaarten te verzamelen en snel te handelen!<\/p>\n\n\n\n<p>Het speelt zich af in een kleurrijke, antropomorfe wereld, waarin spelers de rol aannemen van gepensioneerde spionnen in een rustige buitenwijk. Door elkaar te slim af &nbsp;te zijn met de juiste kaarten en speciale effecten te activeren probeer je jouw identiteit zo lang mogelijk verborgen te houden.&nbsp;<\/p>\n\n\n\n<p>Elke beurt leg je \u00e9\u00e9n kaart open en \u00e9\u00e9n kaart gesloten. Je tegenstander kiest er \u00e9\u00e9n, wat beide strategie\u00ebn be\u00efnvloedt. De kaarten tonen verschillende agenten en hulpmiddelen die invloed hebben op de puntentelling en de voortgang op het bord, terwijl de&nbsp;<em>\u201cvang me\u201d-race<\/em>&nbsp;richting de ontmaskering van de tegenstander verdergaat.<\/p>\n\n\n\n<p>Wees je tegenstanders te slim af door agentensets te verzamelen en spionagetools effectief in te zetten. Het spel eindigt wanneer een speler erin slaagt de tegenstander te ontmaskeren \u2013 een spannende combinatie van strategische diepgang en bluffen.<\/p>\n\n\n\n<p>Perfect voor wie houdt van een mix van strategie en luchtige competitie:&nbsp;<strong>Agent Avenue<\/strong>&nbsp;daagt je uit om te denken als een spion en te handelen als een vriendelijke buur.<\/p>\n\n\n\n<p><\/p>\n","protected":false},"excerpt":{"rendered":"<p>Agent Avenue\u00a0is een competitief kaartspel en\u00a0daagt je uit om te denken als een spion!<\/p>\n","protected":false},"author":34,"featured_media":24178,"parent":0,"menu_order":0,"template":"","meta":{"_acf_changed":true},"player":[],"player_range":[923],"duration":[925],"duration_range":[930],"age":[1336],"age_range":[936],"benefit":[943,941],"publisher":[],"public":[],"theme":[],"gamme":[],"product_category":[],"class_list":["post-24169","product","type-product","status-publish","has-post-thumbnail","hentry","player_range-8-nl","duration-15-nl","duration_range-15-min-nl","age-8-nl","age_range-7-t-m-9-jaar-nl","benefit-bluffen-nl","benefit-strategie-nl"],"acf":[],"featuredImageSourceUrl":"https:\/\/cdn.svc.asmodee.net\/production-asmodeebe\/uploads\/image-converter\/2025\/09\/Wordpress-overwiew-picture-1024x1024.webp","productImageSourceUrl":false,"_links":{"self":[{"href":"https:\/\/www.asmodee.be\/nl\/wp-json\/wp\/v2\/product\/24169","targetHints":{"allow":["GET"]}}],"collection":[{"href":"https:\/\/www.asmodee.be\/nl\/wp-json\/wp\/v2\/product"}],"about":[{"href":"https:\/\/www.asmodee.be\/nl\/wp-json\/wp\/v2\/types\/product"}],"author":[{"embeddable":true,"href":"https:\/\/www.asmodee.be\/nl\/wp-json\/wp\/v2\/users\/34"}],"wp:featuredmedia":[{"embeddable":true,"href":"https:\/\/www.asmodee.be\/nl\/wp-json\/wp\/v2\/media\/24178"}],"wp:attachment":[{"href":"https:\/\/www.asmodee.be\/nl\/wp-json\/wp\/v2\/media?parent=24169"}],"wp:term":[{"taxonomy":"player","embeddable":true,"href":"https:\/\/www.asmodee.be\/nl\/wp-json\/wp\/v2\/player?post=24169"},{"taxonomy":"player_range","embeddable":true,"href":"https:\/\/www.asmodee.be\/nl\/wp-json\/wp\/v2\/player_range?post=24169"},{"taxonomy":"duration","embeddable":true,"href":"https:\/\/www.asmodee.be\/nl\/wp-json\/wp\/v2\/duration?post=24169"},{"taxonomy":"duration_range","embeddable":true,"href":"https:\/\/www.asmodee.be\/nl\/wp-json\/wp\/v2\/duration_range?post=24169"},{"taxonomy":"age","embeddable":true,"href":"https:\/\/www.asmodee.be\/nl\/wp-json\/wp\/v2\/age?post=24169"},{"taxonomy":"age_range","embeddable":true,"href":"https:\/\/www.asmodee.be\/nl\/wp-json\/wp\/v2\/age_range?post=24169"},{"taxonomy":"benefit","embeddable":true,"href":"https:\/\/www.asmodee.be\/nl\/wp-json\/wp\/v2\/benefit?post=24169"},{"taxonomy":"publisher","embeddable":true,"href":"https:\/\/www.asmodee.be\/nl\/wp-json\/wp\/v2\/publisher?post=24169"},{"taxonomy":"public","embeddable":true,"href":"https:\/\/www.asmodee.be\/nl\/wp-json\/wp\/v2\/public?post=24169"},{"taxonomy":"theme","embeddable":true,"href":"https:\/\/www.asmodee.be\/nl\/wp-json\/wp\/v2\/theme?post=24169"},{"taxonomy":"gamme","embeddable":true,"href":"https:\/\/www.asmodee.be\/nl\/wp-json\/wp\/v2\/gamme?post=24169"},{"taxonomy":"product_category","embeddable":true,"href":"https:\/\/www.asmodee.be\/nl\/wp-json\/wp\/v2\/product_category?post=24169"}],"curies":[{"name":"wp","href":"https:\/\/api.w.org\/{rel}","templated":true}]}}