{"id":24591,"date":"2026-01-22T09:38:17","date_gmt":"2026-01-22T14:38:17","guid":{"rendered":"https:\/\/www.asmodee.be\/product\/carnuta\/"},"modified":"2026-01-22T09:46:38","modified_gmt":"2026-01-22T14:46:38","slug":"carnuta","status":"publish","type":"product","link":"https:\/\/www.asmodee.be\/nl\/product\/carnuta\/","title":{"rendered":"Carnuta"},"content":{"rendered":"\n<p>Welkom bij de jaarlijkse ceremonie die dru\u00efden uit verre landen samenbrengt. Acht geheime ingredi\u00ebnten zijn geselecteerd. Combineer ze zorgvuldig en stel je runen samen om een uitzonderlijk elixer te cre\u00ebren.<br><br>Tijdens je beurt neem je 2 acties uit 4 beschikbare opties. Verzamel runen en ingredi\u00ebnten om de beste elixers te maken en de meeste overwinningspunten te verdienen.<br>Geniet van kwaliteitsmaterialen, waaronder fijn afgewerkte persoonlijke borden en prachtige 3D-runen die een echt meeslepende spelervaring bieden.<br>Het is een race om het beste elixer te cre\u00ebren, maar snelheid alleen is niet genoeg\u2014strategie is essentieel. Met elke zet moet je slimme tactische keuzes maken om je tegenstanders te slim af te zijn.<br>Perfect voor fans van strategische spellen zoals Splendor. Dit spel is eenvoudig te leren maar biedt een rijke tactische diepgang, waardoor het ideaal is voor zowel casual als ervaren spelers.<\/p>\n\n\n\n<p><\/p>\n","protected":false},"excerpt":{"rendered":"<p>Welkom bij de jaarlijkse ceremonie die dru\u00efden uit verre landen samenbrengt. Acht geheime ingredi\u00ebnten zijn geselecteerd. Combineer ze zorgvuldig en stel je runen samen om een uitzonderlijk elixer te cre\u00ebren. Tijdens je beurt neem je 2 acties uit 4 beschikbare opties. Verzamel runen en ingredi\u00ebnten om de beste elixers te maken en de meeste overwinningspunten [&hellip;]<\/p>\n","protected":false},"author":40,"featured_media":24587,"parent":0,"menu_order":0,"template":"","meta":{"_acf_changed":true},"player":[1335],"player_range":[],"duration":[926],"duration_range":[],"age":[1453],"age_range":[],"benefit":[941],"publisher":[1744],"public":[],"theme":[1906],"gamme":[],"product_category":[915],"class_list":["post-24591","product","type-product","status-publish","has-post-thumbnail","hentry","player-2-4-nl","duration-15-30-nl","age-10-nl","benefit-strategie-nl","publisher-repos-production","theme-druide-nl","product_category-gezelschap-spellen-nl"],"acf":[],"featuredImageSourceUrl":"https:\/\/cdn.svc.asmodee.net\/production-asmodeebe\/uploads\/image-converter\/2026\/01\/192066_1.webp","productImageSourceUrl":false,"_links":{"self":[{"href":"https:\/\/www.asmodee.be\/nl\/wp-json\/wp\/v2\/product\/24591","targetHints":{"allow":["GET"]}}],"collection":[{"href":"https:\/\/www.asmodee.be\/nl\/wp-json\/wp\/v2\/product"}],"about":[{"href":"https:\/\/www.asmodee.be\/nl\/wp-json\/wp\/v2\/types\/product"}],"author":[{"embeddable":true,"href":"https:\/\/www.asmodee.be\/nl\/wp-json\/wp\/v2\/users\/40"}],"wp:featuredmedia":[{"embeddable":true,"href":"https:\/\/www.asmodee.be\/nl\/wp-json\/wp\/v2\/media\/24587"}],"wp:attachment":[{"href":"https:\/\/www.asmodee.be\/nl\/wp-json\/wp\/v2\/media?parent=24591"}],"wp:term":[{"taxonomy":"player","embeddable":true,"href":"https:\/\/www.asmodee.be\/nl\/wp-json\/wp\/v2\/player?post=24591"},{"taxonomy":"player_range","embeddable":true,"href":"https:\/\/www.asmodee.be\/nl\/wp-json\/wp\/v2\/player_range?post=24591"},{"taxonomy":"duration","embeddable":true,"href":"https:\/\/www.asmodee.be\/nl\/wp-json\/wp\/v2\/duration?post=24591"},{"taxonomy":"duration_range","embeddable":true,"href":"https:\/\/www.asmodee.be\/nl\/wp-json\/wp\/v2\/duration_range?post=24591"},{"taxonomy":"age","embeddable":true,"href":"https:\/\/www.asmodee.be\/nl\/wp-json\/wp\/v2\/age?post=24591"},{"taxonomy":"age_range","embeddable":true,"href":"https:\/\/www.asmodee.be\/nl\/wp-json\/wp\/v2\/age_range?post=24591"},{"taxonomy":"benefit","embeddable":true,"href":"https:\/\/www.asmodee.be\/nl\/wp-json\/wp\/v2\/benefit?post=24591"},{"taxonomy":"publisher","embeddable":true,"href":"https:\/\/www.asmodee.be\/nl\/wp-json\/wp\/v2\/publisher?post=24591"},{"taxonomy":"public","embeddable":true,"href":"https:\/\/www.asmodee.be\/nl\/wp-json\/wp\/v2\/public?post=24591"},{"taxonomy":"theme","embeddable":true,"href":"https:\/\/www.asmodee.be\/nl\/wp-json\/wp\/v2\/theme?post=24591"},{"taxonomy":"gamme","embeddable":true,"href":"https:\/\/www.asmodee.be\/nl\/wp-json\/wp\/v2\/gamme?post=24591"},{"taxonomy":"product_category","embeddable":true,"href":"https:\/\/www.asmodee.be\/nl\/wp-json\/wp\/v2\/product_category?post=24591"}],"curies":[{"name":"wp","href":"https:\/\/api.w.org\/{rel}","templated":true}]}}