{"id":24643,"date":"2026-03-09T07:30:25","date_gmt":"2026-03-09T12:30:25","guid":{"rendered":"https:\/\/www.asmodee.be\/?post_type=product&#038;p=24643"},"modified":"2026-03-09T07:31:12","modified_gmt":"2026-03-09T12:31:12","slug":"all-in","status":"publish","type":"product","link":"https:\/\/www.asmodee.be\/nl\/product\/all-in\/","title":{"rendered":"All In! predictions"},"content":{"rendered":"\n<p>In All In worden spelers Zieners die strijden om het lot zelf te bepalen. Combineer handmanagement met strategische voorspellingen in dit snelle spel, ge\u00efnspireerd op klassiek poker, waar slechts \u00e9\u00e9n voorspelling uitkomt. Speel je kaarten, be\u00efnvloed de kansen en raad wie de sterkste hand heeft om de pot te winnen. Zie jij de toekomst&#8230; of denk je alleen dat je dat kunt?<\/p>\n\n\n\n<p><\/p>\n","protected":false},"excerpt":{"rendered":"<p>\ufeffBluf, voorspel en win in All In \u2013 het strategische kaartspel vol intu\u00eftie en lef!<\/p>\n","protected":false},"author":34,"featured_media":24648,"parent":0,"menu_order":0,"template":"","meta":{"_acf_changed":true},"player":[1107],"player_range":[919],"duration":[1856],"duration_range":[1872],"age":[958],"age_range":[],"benefit":[943,941],"publisher":[],"public":[1391],"theme":[],"gamme":[],"product_category":[],"class_list":["post-24643","product","type-product","status-publish","has-post-thumbnail","hentry","player-2-5-2","player_range-2-nl","duration-30-60-nl","duration_range-30-60-nl","age-10-fr-nl","benefit-bluffen-nl","benefit-strategie-nl","public-nieuwigheden"],"acf":[],"featuredImageSourceUrl":"https:\/\/cdn.svc.asmodee.net\/production-asmodeebe\/uploads\/image-converter\/2026\/03\/Wordpress-overwiew-picture-9-1024x1024.webp","productImageSourceUrl":false,"_links":{"self":[{"href":"https:\/\/www.asmodee.be\/nl\/wp-json\/wp\/v2\/product\/24643","targetHints":{"allow":["GET"]}}],"collection":[{"href":"https:\/\/www.asmodee.be\/nl\/wp-json\/wp\/v2\/product"}],"about":[{"href":"https:\/\/www.asmodee.be\/nl\/wp-json\/wp\/v2\/types\/product"}],"author":[{"embeddable":true,"href":"https:\/\/www.asmodee.be\/nl\/wp-json\/wp\/v2\/users\/34"}],"wp:featuredmedia":[{"embeddable":true,"href":"https:\/\/www.asmodee.be\/nl\/wp-json\/wp\/v2\/media\/24648"}],"wp:attachment":[{"href":"https:\/\/www.asmodee.be\/nl\/wp-json\/wp\/v2\/media?parent=24643"}],"wp:term":[{"taxonomy":"player","embeddable":true,"href":"https:\/\/www.asmodee.be\/nl\/wp-json\/wp\/v2\/player?post=24643"},{"taxonomy":"player_range","embeddable":true,"href":"https:\/\/www.asmodee.be\/nl\/wp-json\/wp\/v2\/player_range?post=24643"},{"taxonomy":"duration","embeddable":true,"href":"https:\/\/www.asmodee.be\/nl\/wp-json\/wp\/v2\/duration?post=24643"},{"taxonomy":"duration_range","embeddable":true,"href":"https:\/\/www.asmodee.be\/nl\/wp-json\/wp\/v2\/duration_range?post=24643"},{"taxonomy":"age","embeddable":true,"href":"https:\/\/www.asmodee.be\/nl\/wp-json\/wp\/v2\/age?post=24643"},{"taxonomy":"age_range","embeddable":true,"href":"https:\/\/www.asmodee.be\/nl\/wp-json\/wp\/v2\/age_range?post=24643"},{"taxonomy":"benefit","embeddable":true,"href":"https:\/\/www.asmodee.be\/nl\/wp-json\/wp\/v2\/benefit?post=24643"},{"taxonomy":"publisher","embeddable":true,"href":"https:\/\/www.asmodee.be\/nl\/wp-json\/wp\/v2\/publisher?post=24643"},{"taxonomy":"public","embeddable":true,"href":"https:\/\/www.asmodee.be\/nl\/wp-json\/wp\/v2\/public?post=24643"},{"taxonomy":"theme","embeddable":true,"href":"https:\/\/www.asmodee.be\/nl\/wp-json\/wp\/v2\/theme?post=24643"},{"taxonomy":"gamme","embeddable":true,"href":"https:\/\/www.asmodee.be\/nl\/wp-json\/wp\/v2\/gamme?post=24643"},{"taxonomy":"product_category","embeddable":true,"href":"https:\/\/www.asmodee.be\/nl\/wp-json\/wp\/v2\/product_category?post=24643"}],"curies":[{"name":"wp","href":"https:\/\/api.w.org\/{rel}","templated":true}]}}